{"id":1061,"date":"2024-10-10T15:21:03","date_gmt":"2024-10-10T15:21:03","guid":{"rendered":"https:\/\/sorianobrotherscubancuisine.com\/miamisorianobrothers\/?page_id=1061"},"modified":"2026-01-29T17:35:54","modified_gmt":"2026-01-29T22:35:54","slug":"catering","status":"publish","type":"page","link":"https:\/\/sorianobrotherscubancuisine.com\/miamisorianobrothers\/catering\/","title":{"rendered":"Catering"},"content":{"rendered":"\t\t<div data-elementor-type=\"wp-page\" data-elementor-id=\"1061\" class=\"elementor elementor-1061\" data-elementor-post-type=\"page\">\n\t\t\t\t<div class=\"elementor-element elementor-element-8d90776 catering elementor-hidden-tablet elementor-hidden-mobile e-flex e-con-boxed e-con e-parent\" data-id=\"8d90776\" data-element_type=\"container\" data-e-type=\"container\" data-settings=\"{&quot;background_background&quot;:&quot;classic&quot;}\">\n\t\t\t\t\t<div class=\"e-con-inner\">\n\t\t<div class=\"elementor-element elementor-element-1e7af8a e-flex e-con-boxed e-con e-child\" data-id=\"1e7af8a\" data-element_type=\"container\" data-e-type=\"container\">\n\t\t\t\t\t<div class=\"e-con-inner\">\n\t\t\t\t<div class=\"elementor-element elementor-element-555ad73 elementor-widget__width-initial elementor-widget elementor-widget-heading\" data-id=\"555ad73\" data-element_type=\"widget\" data-e-type=\"widget\" data-settings=\"{&quot;ekit_we_effect_on&quot;:&quot;none&quot;}\" data-widget_type=\"heading.default\">\n\t\t\t\t<div class=\"elementor-widget-container\">\n\t\t\t\t\t<h2 class=\"elementor-heading-title elementor-size-default\">CATERING FOR MIAMI STORE COMING SOON<\/h2>\t\t\t\t<\/div>\n\t\t\t\t<\/div>\n\t\t\t\t\t<\/div>\n\t\t\t\t<\/div>\n\t\t\t\t\t<\/div>\n\t\t\t\t<\/div>\n\t\t<div class=\"elementor-element elementor-element-43a07b2 catering elementor-hidden-desktop elementor-hidden-tablet e-flex e-con-boxed e-con e-parent\" data-id=\"43a07b2\" data-element_type=\"container\" data-e-type=\"container\" data-settings=\"{&quot;background_background&quot;:&quot;classic&quot;}\">\n\t\t\t\t\t<div class=\"e-con-inner\">\n\t\t<div class=\"elementor-element elementor-element-4d2e4f7 e-flex e-con-boxed e-con e-child\" data-id=\"4d2e4f7\" data-element_type=\"container\" data-e-type=\"container\">\n\t\t\t\t\t<div class=\"e-con-inner\">\n\t\t\t\t\t<\/div>\n\t\t\t\t<\/div>\n\t\t\t\t\t<\/div>\n\t\t\t\t<\/div>\n\t\t\t\t<section class=\"elementor-section elementor-top-section elementor-element elementor-element-d67cda9 elementor-hidden-desktop elementor-hidden-tablet elementor-hidden-mobile elementor-section-boxed elementor-section-height-default elementor-section-height-default\" data-id=\"d67cda9\" data-element_type=\"section\" data-e-type=\"section\" data-settings=\"{&quot;background_background&quot;:&quot;classic&quot;}\">\n\t\t\t\t\t\t<div class=\"elementor-container elementor-column-gap-default\">\n\t\t\t\t\t<div class=\"elementor-column elementor-col-100 elementor-top-column elementor-element elementor-element-273780f\" data-id=\"273780f\" data-element_type=\"column\" data-e-type=\"column\">\n\t\t\t<div class=\"elementor-widget-wrap elementor-element-populated\">\n\t\t\t\t\t\t<div class=\"elementor-element elementor-element-4171789 elementor-widget__width-initial elementor-widget elementor-widget-heading\" data-id=\"4171789\" data-element_type=\"widget\" data-e-type=\"widget\" data-settings=\"{&quot;ekit_we_effect_on&quot;:&quot;none&quot;}\" data-widget_type=\"heading.default\">\n\t\t\t\t<div class=\"elementor-widget-container\">\n\t\t\t\t\t<h2 class=\"elementor-heading-title elementor-size-default\"><p style=\"text-align:center;font-weight:600;font-size:1.05rem;line-height:1.6;color:#6B1010\">\n  \u26a0\ufe0f PLEASE NOTE: | AVISO <br>\n  Catering orders require a <strong>3-day (72-hour) minimum notice<\/strong>. <br>\n  For Thanksgiving &amp; Christmas catering, please call <a href=\"tel:3052473717\" style=\"color:#6B1010;text-decoration:underline\">(305) 247-3717<\/a> to reserve.\n<\/p>\n\n<p style=\"text-align:center;font-weight:600;font-size:1.05rem;line-height:1.6;color:#333\">\n  <br>\n  Los pedidos de catering requieren un <strong>m\u00ednimo de 3 d\u00edas (72 horas)<\/strong> de anticipaci\u00f3n. <br>\n  Para pedidos de Acci\u00f3n de Gracias y Navidad, llame al <a href=\"tel:3052473717\" style=\"color:#333;text-decoration:underline\">(305) 247-3717<\/a> para reservar.\n<\/p><\/h2>\t\t\t\t<\/div>\n\t\t\t\t<\/div>\n\t\t\t\t<div class=\"elementor-element elementor-element-7405d00 elementor-widget elementor-widget-menu-anchor\" data-id=\"7405d00\" data-element_type=\"widget\" data-e-type=\"widget\" data-settings=\"{&quot;ekit_we_effect_on&quot;:&quot;none&quot;}\" data-widget_type=\"menu-anchor.default\">\n\t\t\t\t<div class=\"elementor-widget-container\">\n\t\t\t\t\t\t\t<div class=\"elementor-menu-anchor\" id=\"catering\"><\/div>\n\t\t\t\t\t\t<\/div>\n\t\t\t\t<\/div>\n\t\t\t\t\t<\/div>\n\t\t<\/div>\n\t\t\t\t\t<\/div>\n\t\t<\/section>\n\t\t\t\t<\/div>\n\t\t","protected":false},"excerpt":{"rendered":"<p>CATERING FOR MIAMI STORE COMING SOON \u26a0\ufe0f PLEASE NOTE: | AVISO Catering orders require a 3-day (72-hour) minimum notice. For Thanksgiving &amp; Christmas catering, please call (305) 247-3717 to reserve. Los pedidos de catering requieren un m\u00ednimo de 3 d\u00edas (72 horas) de anticipaci\u00f3n. Para pedidos de Acci\u00f3n de Gracias y Navidad, llame al (305) [&hellip;]<\/p>\n","protected":false},"author":1,"featured_media":0,"parent":0,"menu_order":0,"comment_status":"closed","ping_status":"closed","template":"","meta":{"footnotes":""},"class_list":["post-1061","page","type-page","status-publish","hentry"],"jetpack_sharing_enabled":true,"_links":{"self":[{"href":"https:\/\/sorianobrotherscubancuisine.com\/miamisorianobrothers\/wp-json\/wp\/v2\/pages\/1061","targetHints":{"allow":["GET"]}}],"collection":[{"href":"https:\/\/sorianobrotherscubancuisine.com\/miamisorianobrothers\/wp-json\/wp\/v2\/pages"}],"about":[{"href":"https:\/\/sorianobrotherscubancuisine.com\/miamisorianobrothers\/wp-json\/wp\/v2\/types\/page"}],"author":[{"embeddable":true,"href":"https:\/\/sorianobrotherscubancuisine.com\/miamisorianobrothers\/wp-json\/wp\/v2\/users\/1"}],"replies":[{"embeddable":true,"href":"https:\/\/sorianobrotherscubancuisine.com\/miamisorianobrothers\/wp-json\/wp\/v2\/comments?post=1061"}],"version-history":[{"count":421,"href":"https:\/\/sorianobrotherscubancuisine.com\/miamisorianobrothers\/wp-json\/wp\/v2\/pages\/1061\/revisions"}],"predecessor-version":[{"id":12976,"href":"https:\/\/sorianobrotherscubancuisine.com\/miamisorianobrothers\/wp-json\/wp\/v2\/pages\/1061\/revisions\/12976"}],"wp:attachment":[{"href":"https:\/\/sorianobrotherscubancuisine.com\/miamisorianobrothers\/wp-json\/wp\/v2\/media?parent=1061"}],"curies":[{"name":"wp","href":"https:\/\/api.w.org\/{rel}","templated":true}]}}